{"id":2050,"date":"2026-02-24T15:12:55","date_gmt":"2026-02-24T14:12:55","guid":{"rendered":"https:\/\/www.fondationjuliennedumeste.fr\/?page_id=2050"},"modified":"2026-02-24T17:10:16","modified_gmt":"2026-02-24T16:10:16","slug":"premiere-rencontre-nationale-des-residents-des-maisons-julienne-dumeste","status":"publish","type":"page","link":"https:\/\/www.fondationjuliennedumeste.fr\/index.php\/premiere-rencontre-nationale-des-residents-des-maisons-julienne-dumeste\/","title":{"rendered":"PREMI\u00c8RE RENCONTRE NATIONALE DES R\u00c9SIDENTS DES MAISONS JULIENNE DUMESTE"},"content":{"rendered":"\n<div class=\"wp-block-cover alignfull\" style=\"min-height:390px;aspect-ratio:unset;\"><img loading=\"lazy\" decoding=\"async\" width=\"2560\" height=\"1440\" class=\"wp-block-cover__image-background wp-image-2075 size-full\" alt=\"\" src=\"https:\/\/www.fondationjuliennedumeste.fr\/wp-content\/uploads\/2026\/02\/Image0-scaled.png\" data-object-fit=\"cover\" srcset=\"https:\/\/www.fondationjuliennedumeste.fr\/wp-content\/uploads\/2026\/02\/Image0-scaled.png 2560w, https:\/\/www.fondationjuliennedumeste.fr\/wp-content\/uploads\/2026\/02\/Image0-300x169.png 300w, https:\/\/www.fondationjuliennedumeste.fr\/wp-content\/uploads\/2026\/02\/Image0-1024x576.png 1024w, https:\/\/www.fondationjuliennedumeste.fr\/wp-content\/uploads\/2026\/02\/Image0-2000x1125.png 2000w\" sizes=\"auto, (max-width: 2560px) 100vw, 2560px\" \/><span aria-hidden=\"true\" class=\"wp-block-cover__background has-background-dim\" style=\"background-color:#8e6362\"><\/span><div class=\"wp-block-cover__inner-container has-global-padding is-layout-constrained wp-block-cover-is-layout-constrained\">\n<p class=\"has-text-align-center has-large-font-size\"><\/p>\n<\/div><\/div>\n\n\n\n<div style=\"height:50px\" aria-hidden=\"true\" class=\"wp-block-spacer\"><\/div>\n\n\n\n<div class=\"wp-block-columns is-layout-flex wp-container-core-columns-is-layout-28f84493 wp-block-columns-is-layout-flex\">\n<div class=\"wp-block-column is-layout-flow wp-block-column-is-layout-flow\">\n<h1 class=\"wp-block-heading\"><mark style=\"background-color:rgba(0, 0, 0, 0);color:#771f28\" class=\"has-inline-color\">PREMI\u00c8RE RENCONTRE NATIONALE DES R\u00c9SIDENTS DES MAISONS JULIENNE DUMESTE<\/mark><\/h1>\n\n\n\n<h3 class=\"wp-block-heading\"><mark style=\"background-color:rgba(0, 0, 0, 0);color:#771f28\" class=\"has-inline-color\">\u00c9DITION 2026<\/mark><\/h3>\n\n\n\n<p>Le 20 f\u00e9vrier 2026, la Fondation Julienne Dumeste a organis\u00e9 \u00e0 Paris la premi\u00e8re Rencontre nationale des r\u00e9sidents de ses Maisons \u00e9tudiantes \u00ab\u00a0Maisons Julienne Dumeste\u00a0\u00bb, r\u00e9unissant des r\u00e9sidents actuels et des anciens r\u00e9sidents venus de Bordeaux, Nantes et Perpignan, aux c\u00f4t\u00e9s d\u2019administrateurs, invit\u00e9e d&rsquo;honneur, partenaires et membres de l\u2019\u00e9quipe engag\u00e9s dans l\u2019accompagnement des jeunes adultes en formation sup\u00e9rieure.<\/p>\n\n\n\n<p>La journ\u00e9e s\u2019est ouverte par la visite guid\u00e9e de l\u2019exposition immersive <em>\u00ab Magellan, un voyage qui changea le monde \u00bb<\/em> au Mus\u00e9e National de la Marine, proposant aux participants une exp\u00e9rience collective autour des notions d\u2019orientation, d\u2019engagement et de construction de trajectoires dans un monde en constante \u00e9volution. Cette entr\u00e9e en mati\u00e8re symbolique a permis d\u2019introduire les r\u00e9flexions qui ont jalonn\u00e9 l\u2019ensemble des \u00e9changes de la journ\u00e9e.<\/p>\n<\/div>\n<\/div>\n\n\n\n<figure class=\"wp-block-image size-large\"><img loading=\"lazy\" decoding=\"async\" width=\"1024\" height=\"565\" src=\"https:\/\/www.fondationjuliennedumeste.fr\/wp-content\/uploads\/2026\/02\/Image1-1024x565.png\" alt=\"\" class=\"wp-image-2054\" srcset=\"https:\/\/www.fondationjuliennedumeste.fr\/wp-content\/uploads\/2026\/02\/Image1-1024x565.png 1024w, https:\/\/www.fondationjuliennedumeste.fr\/wp-content\/uploads\/2026\/02\/Image1-300x165.png 300w, https:\/\/www.fondationjuliennedumeste.fr\/wp-content\/uploads\/2026\/02\/Image1-2000x1103.png 2000w\" sizes=\"auto, (max-width: 1024px) 100vw, 1024px\" \/><\/figure>\n\n\n\n<h3 class=\"wp-block-heading\"><mark style=\"background-color:rgba(0, 0, 0, 0);color:#771f28\" class=\"has-inline-color\">Construire des trajectoires dans un monde en mouvement<\/mark><\/h3>\n\n\n\n<p>Plac\u00e9e sous le th\u00e8me <strong>\u00ab Parcours, ambitions et trajectoires \u00bb<\/strong>, cette premi\u00e8re rencontre avait pour ambition de mettre en lumi\u00e8re la diversit\u00e9 des parcours emprunt\u00e9s par les r\u00e9sidents, mais \u00e9galement d\u2019ouvrir une r\u00e9flexion plus large sur les conditions d\u2019une \u00e9mancipation durable \u00e0 l\u2019issue du temps de formation.<\/p>\n\n\n\n<p>Dans son discours d\u2019ouverture, Vincent ROBERT, Secr\u00e9taire G\u00e9n\u00e9ral de la Fondation, a rappel\u00e9 que les Maisons Julienne Dumeste ont \u00e9t\u00e9 con\u00e7ues comme des espaces de stabilit\u00e9 et d\u2019accompagnement \u00e0 un moment d\u00e9cisif de la vie personnelle et acad\u00e9mique des jeunes adultes, favorisant leur construction dans un environnement \u00e0 la fois exigeant et bienveillant.<\/p>\n\n\n\n<p>Prenant ensuite la parole, Arman MINASYAN-AUBERT, Directeur G\u00e9n\u00e9ral de la Fondation, a soulign\u00e9 que le th\u00e8me de cette premi\u00e8re rencontre visait pr\u00e9cis\u00e9ment \u00e0 interroger la mani\u00e8re dont se construisent les cheminements acad\u00e9miques et professionnels des r\u00e9sidents et des jeunes adultes, en rappelant que les parcours ne se construisent jamais seuls, mais qu\u2019ils se nourrissent de rencontres, de transmissions et d\u2019un accompagnement attentif dans les moments charni\u00e8res de la vie \u00e9tudiante. Il a ainsi rappel\u00e9 que la Fondation ne con\u00e7oit pas les parcours comme des trajectoires pr\u00e9d\u00e9termin\u00e9es, mais comme des cheminements qui se construisent dans la dur\u00e9e, \u00e0 la faveur d\u2019un accompagnement structurant, d\u2019un soutien constant et d\u2019un encouragement adapt\u00e9 aux choix, aux questionnements et aux r\u00e9orientations de chacun.<\/p>\n\n\n\n<p>Dans cette perspective, la rencontre visait \u00e9galement \u00e0 mettre en relation r\u00e9sidents actuels et anciens autour d\u2019une exp\u00e9rience commune, afin de faire \u00e9merger, au-del\u00e0 du temps de r\u00e9sidence, un r\u00e9seau fond\u00e9 sur des valeurs partag\u00e9es, le sens du collectif, la tol\u00e9rance, l\u2019entraide et l\u2019exigence, susceptible d\u2019accompagner les parcours bien apr\u00e8s la fin des \u00e9tudes.<\/p>\n\n\n\n<figure class=\"wp-block-image size-large\"><img loading=\"lazy\" decoding=\"async\" width=\"1024\" height=\"565\" src=\"https:\/\/www.fondationjuliennedumeste.fr\/wp-content\/uploads\/2026\/02\/Image2-1024x565.png\" alt=\"\" class=\"wp-image-2055\" srcset=\"https:\/\/www.fondationjuliennedumeste.fr\/wp-content\/uploads\/2026\/02\/Image2-1024x565.png 1024w, https:\/\/www.fondationjuliennedumeste.fr\/wp-content\/uploads\/2026\/02\/Image2-300x165.png 300w, https:\/\/www.fondationjuliennedumeste.fr\/wp-content\/uploads\/2026\/02\/Image2-2000x1103.png 2000w\" sizes=\"auto, (max-width: 1024px) 100vw, 1024px\" \/><\/figure>\n\n\n\n<figure class=\"wp-block-image size-large\"><img loading=\"lazy\" decoding=\"async\" width=\"1024\" height=\"566\" src=\"https:\/\/www.fondationjuliennedumeste.fr\/wp-content\/uploads\/2026\/02\/Image4-1024x566.png\" alt=\"\" class=\"wp-image-2092\" srcset=\"https:\/\/www.fondationjuliennedumeste.fr\/wp-content\/uploads\/2026\/02\/Image4-1024x566.png 1024w, https:\/\/www.fondationjuliennedumeste.fr\/wp-content\/uploads\/2026\/02\/Image4-300x166.png 300w, https:\/\/www.fondationjuliennedumeste.fr\/wp-content\/uploads\/2026\/02\/Image4-2000x1105.png 2000w\" sizes=\"auto, (max-width: 1024px) 100vw, 1024px\" \/><\/figure>\n\n\n\n<h3 class=\"wp-block-heading\"><mark style=\"background-color:rgba(0, 0, 0, 0);color:#771f28\" class=\"has-inline-color\">Des \u00e9changes autour de l\u2019engagement et de la pers\u00e9v\u00e9rance<\/mark><\/h3>\n\n\n\n<p>Les \u00e9changes ont ensuite \u00e9t\u00e9 enrichis par les t\u00e9moignages de personnalit\u00e9s engag\u00e9es, parmi lesquelles Madame Ch\u00e9k\u00e9ba HACHEMI, Invit\u00e9e d\u2019honneur de cette premi\u00e8re \u00e9dition. Femme au parcours exceptionnel \u00e0 la crois\u00e9e de l\u2019engagement humanitaire et de l\u2019action diplomatique, auteur de plusieurs ouvrages, son engagement en faveur des droits des femmes et de la dignit\u00e9 humaine, en France comme \u00e0 l\u2019international, notamment \u00e0 travers son implication au sein de l\u2019association <em>Stand Speak Rise Up! <\/em>dans la lutte contre les violences sexuelles, incarne avec force les valeurs de courage et de d\u00e9passement de soi que la Fondation Julienne Dumeste s\u2019attache \u00e0 transmettre aux jeunes qu\u2019elle accompagne.<\/p>\n\n\n\n<p>La rencontre a \u00e9galement b\u00e9n\u00e9fici\u00e9 de la participation de Madame Delphine BENHAIM. Professionnelle reconnue du secteur financier et membre du Conseil d\u2019Administration de la Fondation Julienne Dumeste, elle a partag\u00e9 avec les r\u00e9sidents un t\u00e9moignage personnel sur les enjeux de pers\u00e9v\u00e9rance, de confiance en soi et de sinc\u00e9rit\u00e9 dans les choix professionnels, en rappelant que les trajectoires se construisent souvent dans le doute, mais aussi dans la capacit\u00e9 \u00e0 tenir dans la dur\u00e9e et \u00e0 s\u2019appuyer sur un environnement de confiance.<\/p>\n\n\n\n<p>Enfin, le t\u00e9moignage de <a href=\"https:\/\/www.fondationjuliennedumeste.fr\/index.php\/entretien-avec-monsieur-andre-zozor\/\" target=\"_blank\" rel=\"noreferrer noopener\"><mark style=\"background-color:rgba(0, 0, 0, 0);color:#771f28\" class=\"has-inline-color\">Monsieur Andr\u00e9 ZOZOR<\/mark><\/a>, ancien r\u00e9sident de la Maison Julienne Dumeste de Bordeaux et premier laur\u00e9at de la <a href=\"https:\/\/www.fondationjuliennedumeste.fr\/index.php\/bourse-dexcellence-academique\/\" target=\"_blank\" rel=\"noreferrer noopener\"><mark style=\"background-color:rgba(0, 0, 0, 0);color:#771f28\" class=\"has-inline-color\">Bourse d\u2019Excellence Acad\u00e9mique de la Fondation<\/mark><\/a>, est venu illustrer de mani\u00e8re concr\u00e8te les trajectoires que la Fondation s\u2019attache \u00e0 accompagner. Dipl\u00f4m\u00e9 de Sciences Po Bordeaux et aujourd\u2019hui \u00e9tudiant au Coll\u00e8ge d\u2019Europe, son parcours t\u00e9moigne de la d\u00e9termination de jeunes talents que la Fondation choisit de soutenir dans la dur\u00e9e.<\/p>\n\n\n\n<p>Ces interventions ont permis d\u2019illustrer les exigences de pers\u00e9v\u00e9rance, d\u2019engagement et de responsabilit\u00e9 qui jalonnent toute trajectoire acad\u00e9mique et professionnelle.<\/p>\n\n\n\n<p>La soir\u00e9e s\u2019est conclue par une performance musicale des jeunes artistes de l\u2019orchestre UniArt, accompagn\u00e9s par l\u2019association ARTIMA, prolongeant par l\u2019expression artistique les valeurs d\u2019exigence, de discipline et de transmission au c\u0153ur du projet \u00e9ducatif de la Fondation.<\/p>\n\n\n\n<h3 class=\"wp-block-heading\"><mark style=\"background-color:rgba(0, 0, 0, 0);color:#771f28\" class=\"has-inline-color\">Une premi\u00e8re \u00e9dition fondatrice<\/mark><\/h3>\n\n\n\n<p>En r\u00e9unissant pour la premi\u00e8re fois les r\u00e9sidents actuels et anciens autour d\u2019un m\u00eame \u00e9v\u00e9nement, la Fondation Julienne Dumeste a souhait\u00e9 poser les bases d\u2019une communaut\u00e9 appel\u00e9e \u00e0 se structurer dans le temps, afin de favoriser l\u2019entraide entre celles et ceux qui, au-del\u00e0 de la diversit\u00e9 de leurs parcours, partagent une m\u00eame exigence acad\u00e9mique et un socle de valeurs communes.<\/p>\n\n\n\n<p>Cette premi\u00e8re Rencontre nationale marque ainsi une \u00e9tape importante dans le d\u00e9veloppement des actions de la Fondation en faveur de la r\u00e9ussite \u00e9ducative et professionnelle des jeunes adultes, en cr\u00e9ant les conditions dans lesquelles chacun peut non seulement poursuivre son parcours de formation, mais \u00e9galement s\u2019inscrire, \u00e0 plus long terme, dans un r\u00e9seau fond\u00e9 sur la confiance, la transmission et l\u2019excellence.<\/p>\n\n\n\n<figure class=\"wp-block-image size-large\"><img loading=\"lazy\" decoding=\"async\" width=\"1024\" height=\"525\" src=\"https:\/\/www.fondationjuliennedumeste.fr\/wp-content\/uploads\/2026\/02\/Image3-1024x525.png\" alt=\"\" class=\"wp-image-2056\" srcset=\"https:\/\/www.fondationjuliennedumeste.fr\/wp-content\/uploads\/2026\/02\/Image3-1024x525.png 1024w, https:\/\/www.fondationjuliennedumeste.fr\/wp-content\/uploads\/2026\/02\/Image3-300x154.png 300w, https:\/\/www.fondationjuliennedumeste.fr\/wp-content\/uploads\/2026\/02\/Image3-2000x1024.png 2000w\" sizes=\"auto, (max-width: 1024px) 100vw, 1024px\" \/><\/figure>\n\n\n\n<h3 class=\"wp-block-heading\"><em><mark style=\"background-color:rgba(0, 0, 0, 0);color:#771f28\" class=\"has-inline-color\">\u00ab Cette rencontre est n\u00e9e de la conviction que les ambitions individuelles prennent toute leur force lorsqu\u2019elles s\u2019inscrivent dans une dynamique collective fond\u00e9e sur le partage d\u2019exp\u00e9riences, la solidarit\u00e9 et la transmission entre g\u00e9n\u00e9rations de r\u00e9sidents. \u00bb<\/mark><\/em><\/h3>\n\n\n\n<figure class=\"wp-block-image size-large\"><img loading=\"lazy\" decoding=\"async\" width=\"1024\" height=\"531\" src=\"https:\/\/www.fondationjuliennedumeste.fr\/wp-content\/uploads\/2026\/02\/Image5-1024x531.png\" alt=\"\" class=\"wp-image-2058\" srcset=\"https:\/\/www.fondationjuliennedumeste.fr\/wp-content\/uploads\/2026\/02\/Image5-1024x531.png 1024w, https:\/\/www.fondationjuliennedumeste.fr\/wp-content\/uploads\/2026\/02\/Image5-300x156.png 300w, https:\/\/www.fondationjuliennedumeste.fr\/wp-content\/uploads\/2026\/02\/Image5-2000x1037.png 2000w\" sizes=\"auto, (max-width: 1024px) 100vw, 1024px\" \/><\/figure>\n\n\n\n<figure class=\"wp-block-image size-large\"><img loading=\"lazy\" decoding=\"async\" width=\"1024\" height=\"565\" src=\"https:\/\/www.fondationjuliennedumeste.fr\/wp-content\/uploads\/2026\/02\/Image6-1024x565.png\" alt=\"\" class=\"wp-image-2059\" srcset=\"https:\/\/www.fondationjuliennedumeste.fr\/wp-content\/uploads\/2026\/02\/Image6-1024x565.png 1024w, https:\/\/www.fondationjuliennedumeste.fr\/wp-content\/uploads\/2026\/02\/Image6-300x165.png 300w, https:\/\/www.fondationjuliennedumeste.fr\/wp-content\/uploads\/2026\/02\/Image6-2000x1103.png 2000w\" sizes=\"auto, (max-width: 1024px) 100vw, 1024px\" \/><\/figure>\n\n\n\n<h3 class=\"wp-block-heading\"><em><mark style=\"background-color:rgba(0, 0, 0, 0);color:#771f28\" class=\"has-inline-color\">\u00ab En r\u00e9unissant pour la premi\u00e8re fois ses r\u00e9sidents, la Fondation Julienne Dumeste pose les fondements d\u2019une communaut\u00e9 appel\u00e9e \u00e0 se prolonger dans le temps, o\u00f9 l\u2019exp\u00e9rience v\u00e9cue devient une ressource partag\u00e9e au service des parcours \u00e0 venir. \u00bb<\/mark><\/em><\/h3>\n\n\n\n<figure class=\"wp-block-image size-large\"><img loading=\"lazy\" decoding=\"async\" width=\"1024\" height=\"576\" src=\"https:\/\/www.fondationjuliennedumeste.fr\/wp-content\/uploads\/2026\/02\/Image8-1024x576.png\" alt=\"\" class=\"wp-image-2062\" srcset=\"https:\/\/www.fondationjuliennedumeste.fr\/wp-content\/uploads\/2026\/02\/Image8-1024x576.png 1024w, https:\/\/www.fondationjuliennedumeste.fr\/wp-content\/uploads\/2026\/02\/Image8-300x169.png 300w, https:\/\/www.fondationjuliennedumeste.fr\/wp-content\/uploads\/2026\/02\/Image8-2000x1125.png 2000w\" sizes=\"auto, (max-width: 1024px) 100vw, 1024px\" \/><\/figure>\n\n\n\n<figure class=\"wp-block-image size-large\"><img loading=\"lazy\" decoding=\"async\" width=\"1024\" height=\"576\" src=\"https:\/\/www.fondationjuliennedumeste.fr\/wp-content\/uploads\/2026\/02\/Image9-1024x576.png\" alt=\"\" class=\"wp-image-2118\" srcset=\"https:\/\/www.fondationjuliennedumeste.fr\/wp-content\/uploads\/2026\/02\/Image9-1024x576.png 1024w, https:\/\/www.fondationjuliennedumeste.fr\/wp-content\/uploads\/2026\/02\/Image9-300x169.png 300w, https:\/\/www.fondationjuliennedumeste.fr\/wp-content\/uploads\/2026\/02\/Image9-2000x1125.png 2000w\" sizes=\"auto, (max-width: 1024px) 100vw, 1024px\" \/><\/figure>\n\n\n\n<figure class=\"wp-block-image size-large\"><img loading=\"lazy\" decoding=\"async\" width=\"1024\" height=\"565\" src=\"https:\/\/www.fondationjuliennedumeste.fr\/wp-content\/uploads\/2026\/02\/Image10-1024x565.png\" alt=\"\" class=\"wp-image-2064\" srcset=\"https:\/\/www.fondationjuliennedumeste.fr\/wp-content\/uploads\/2026\/02\/Image10-1024x565.png 1024w, https:\/\/www.fondationjuliennedumeste.fr\/wp-content\/uploads\/2026\/02\/Image10-300x165.png 300w, https:\/\/www.fondationjuliennedumeste.fr\/wp-content\/uploads\/2026\/02\/Image10-2000x1103.png 2000w\" sizes=\"auto, (max-width: 1024px) 100vw, 1024px\" \/><\/figure>\n\n\n\n<figure class=\"wp-block-image size-large\"><img loading=\"lazy\" decoding=\"async\" width=\"1024\" height=\"565\" src=\"https:\/\/www.fondationjuliennedumeste.fr\/wp-content\/uploads\/2026\/02\/Image11-1024x565.png\" alt=\"\" class=\"wp-image-2065\" srcset=\"https:\/\/www.fondationjuliennedumeste.fr\/wp-content\/uploads\/2026\/02\/Image11-1024x565.png 1024w, https:\/\/www.fondationjuliennedumeste.fr\/wp-content\/uploads\/2026\/02\/Image11-300x165.png 300w, https:\/\/www.fondationjuliennedumeste.fr\/wp-content\/uploads\/2026\/02\/Image11-2000x1103.png 2000w\" sizes=\"auto, (max-width: 1024px) 100vw, 1024px\" \/><\/figure>\n\n\n\n<figure class=\"wp-block-image size-large\"><img loading=\"lazy\" decoding=\"async\" width=\"1024\" height=\"531\" src=\"https:\/\/www.fondationjuliennedumeste.fr\/wp-content\/uploads\/2026\/02\/Image12-1024x531.png\" alt=\"\" class=\"wp-image-2097\" srcset=\"https:\/\/www.fondationjuliennedumeste.fr\/wp-content\/uploads\/2026\/02\/Image12-1024x531.png 1024w, https:\/\/www.fondationjuliennedumeste.fr\/wp-content\/uploads\/2026\/02\/Image12-300x156.png 300w, https:\/\/www.fondationjuliennedumeste.fr\/wp-content\/uploads\/2026\/02\/Image12-2000x1038.png 2000w\" sizes=\"auto, (max-width: 1024px) 100vw, 1024px\" \/><\/figure>\n\n\n\n<figure class=\"wp-block-image size-large\"><img loading=\"lazy\" decoding=\"async\" width=\"1024\" height=\"576\" src=\"https:\/\/www.fondationjuliennedumeste.fr\/wp-content\/uploads\/2026\/02\/Image13-1024x576.png\" alt=\"\" class=\"wp-image-2067\" srcset=\"https:\/\/www.fondationjuliennedumeste.fr\/wp-content\/uploads\/2026\/02\/Image13-1024x576.png 1024w, https:\/\/www.fondationjuliennedumeste.fr\/wp-content\/uploads\/2026\/02\/Image13-300x169.png 300w, https:\/\/www.fondationjuliennedumeste.fr\/wp-content\/uploads\/2026\/02\/Image13-2000x1125.png 2000w\" sizes=\"auto, (max-width: 1024px) 100vw, 1024px\" \/><\/figure>\n\n\n\n<figure class=\"wp-block-image size-large\"><img loading=\"lazy\" decoding=\"async\" width=\"1024\" height=\"576\" src=\"https:\/\/www.fondationjuliennedumeste.fr\/wp-content\/uploads\/2026\/02\/Image14-1024x576.png\" alt=\"\" class=\"wp-image-2068\" srcset=\"https:\/\/www.fondationjuliennedumeste.fr\/wp-content\/uploads\/2026\/02\/Image14-1024x576.png 1024w, https:\/\/www.fondationjuliennedumeste.fr\/wp-content\/uploads\/2026\/02\/Image14-300x169.png 300w, https:\/\/www.fondationjuliennedumeste.fr\/wp-content\/uploads\/2026\/02\/Image14-2000x1125.png 2000w\" sizes=\"auto, (max-width: 1024px) 100vw, 1024px\" \/><\/figure>\n\n\n\n<figure class=\"wp-block-image size-large\"><img loading=\"lazy\" decoding=\"async\" width=\"1024\" height=\"531\" src=\"https:\/\/www.fondationjuliennedumeste.fr\/wp-content\/uploads\/2026\/02\/Image15-1024x531.png\" alt=\"\" class=\"wp-image-2069\" srcset=\"https:\/\/www.fondationjuliennedumeste.fr\/wp-content\/uploads\/2026\/02\/Image15-1024x531.png 1024w, https:\/\/www.fondationjuliennedumeste.fr\/wp-content\/uploads\/2026\/02\/Image15-300x156.png 300w, https:\/\/www.fondationjuliennedumeste.fr\/wp-content\/uploads\/2026\/02\/Image15-2000x1037.png 2000w\" sizes=\"auto, (max-width: 1024px) 100vw, 1024px\" \/><\/figure>\n\n\n\n<p><em>Photos : Mat BEAUDET \u2013 iD<strong>lat\u00e9rale<\/strong> <mark style=\"background-color:rgba(0, 0, 0, 0);color:#771f28\" class=\"has-inline-color\"><a href=\"http:\/\/www.idlaterale.com\" target=\"_blank\" rel=\"noreferrer noopener\">www.idlaterale.com<\/a><\/mark><\/em><\/p>\n\n\n\n<p><\/p>\n","protected":false},"excerpt":{"rendered":"<p>PREMI\u00c8RE RENCONTRE NATIONALE DES R\u00c9SIDENTS DES MAISONS JULIENNE DUMESTE \u00c9DITION 2026 Le 20 f\u00e9vrier 2026, la Fondation Julienne Dumeste a organis\u00e9 \u00e0 Paris la premi\u00e8re Rencontre nationale des r\u00e9sidents de ses Maisons \u00e9tudiantes \u00ab\u00a0Maisons Julienne Dumeste\u00a0\u00bb, r\u00e9unissant des r\u00e9sidents actuels et des anciens r\u00e9sidents venus de Bordeaux, Nantes et Perpignan, aux c\u00f4t\u00e9s d\u2019administrateurs, invit\u00e9e d&rsquo;honneur, &hellip; <\/p>\n<p class=\"link-more\"><a href=\"https:\/\/www.fondationjuliennedumeste.fr\/index.php\/premiere-rencontre-nationale-des-residents-des-maisons-julienne-dumeste\/\" class=\"more-link\">Lire la suite de<span class=\"screen-reader-text\">\u00ab\u00a0PREMI\u00c8RE RENCONTRE NATIONALE DES R\u00c9SIDENTS DES MAISONS JULIENNE DUMESTE\u00a0\u00bb<\/span><\/a><\/p>\n","protected":false},"author":1,"featured_media":0,"parent":0,"menu_order":0,"comment_status":"closed","ping_status":"closed","template":"page-templates\/no-title.php","meta":{"footnotes":""},"class_list":["post-2050","page","type-page","status-publish","hentry"],"_links":{"self":[{"href":"https:\/\/www.fondationjuliennedumeste.fr\/index.php\/wp-json\/wp\/v2\/pages\/2050","targetHints":{"allow":["GET"]}}],"collection":[{"href":"https:\/\/www.fondationjuliennedumeste.fr\/index.php\/wp-json\/wp\/v2\/pages"}],"about":[{"href":"https:\/\/www.fondationjuliennedumeste.fr\/index.php\/wp-json\/wp\/v2\/types\/page"}],"author":[{"embeddable":true,"href":"https:\/\/www.fondationjuliennedumeste.fr\/index.php\/wp-json\/wp\/v2\/users\/1"}],"replies":[{"embeddable":true,"href":"https:\/\/www.fondationjuliennedumeste.fr\/index.php\/wp-json\/wp\/v2\/comments?post=2050"}],"version-history":[{"count":45,"href":"https:\/\/www.fondationjuliennedumeste.fr\/index.php\/wp-json\/wp\/v2\/pages\/2050\/revisions"}],"predecessor-version":[{"id":2134,"href":"https:\/\/www.fondationjuliennedumeste.fr\/index.php\/wp-json\/wp\/v2\/pages\/2050\/revisions\/2134"}],"wp:attachment":[{"href":"https:\/\/www.fondationjuliennedumeste.fr\/index.php\/wp-json\/wp\/v2\/media?parent=2050"}],"curies":[{"name":"wp","href":"https:\/\/api.w.org\/{rel}","templated":true}]}}