{"id":2025,"date":"2025-12-26T11:07:36","date_gmt":"2025-12-26T10:07:36","guid":{"rendered":"https:\/\/www.fondationjuliennedumeste.fr\/?page_id=2025"},"modified":"2025-12-26T11:10:59","modified_gmt":"2025-12-26T10:10:59","slug":"les-rencontres-intergenerationnelles","status":"publish","type":"page","link":"https:\/\/www.fondationjuliennedumeste.fr\/index.php\/les-rencontres-intergenerationnelles\/","title":{"rendered":"LES RENCONTRES INTERG\u00c9N\u00c9RATIONNELLES"},"content":{"rendered":"\n<div class=\"wp-block-cover alignfull is-light\" style=\"min-height:329px;aspect-ratio:unset;\"><img loading=\"lazy\" decoding=\"async\" width=\"1024\" height=\"580\" class=\"wp-block-cover__image-background wp-image-341 size-large\" alt=\"\" src=\"https:\/\/www.fondationjuliennedumeste.fr\/wp-content\/uploads\/2024\/10\/Image3-1024x580.png\" data-object-fit=\"cover\" srcset=\"https:\/\/www.fondationjuliennedumeste.fr\/wp-content\/uploads\/2024\/10\/Image3-1024x580.png 1024w, https:\/\/www.fondationjuliennedumeste.fr\/wp-content\/uploads\/2024\/10\/Image3-300x170.png 300w, https:\/\/www.fondationjuliennedumeste.fr\/wp-content\/uploads\/2024\/10\/Image3-2000x1133.png 2000w\" sizes=\"auto, (max-width: 1024px) 100vw, 1024px\" \/><span aria-hidden=\"true\" class=\"wp-block-cover__background has-background-dim\" style=\"background-color:#c1b09f\"><\/span><div class=\"wp-block-cover__inner-container has-global-padding is-layout-constrained wp-block-cover-is-layout-constrained\">\n<h1 class=\"wp-block-heading\">LES RENCONTRES INTERG\u00c9N\u00c9RATIONNELLES<\/h1>\n\n\n\n<h2 class=\"wp-block-heading\">Cr\u00e9er du lien, partager, grandir ensemble<\/h2>\n<\/div><\/div>\n\n\n\n<div style=\"height:50px\" aria-hidden=\"true\" class=\"wp-block-spacer\"><\/div>\n\n\n\n<p>La Fondation Julienne Dumeste a introduit au sein de ses r\u00e9sidences un dispositif in\u00e9dit : les <strong>Rencontres Interg\u00e9n\u00e9rationnelles<\/strong>, des moments privil\u00e9gi\u00e9s con\u00e7us pour rapprocher des univers, des parcours et des \u00e2ges diff\u00e9rents. Inspir\u00e9es de la conviction que chaque g\u00e9n\u00e9ration a quelque chose \u00e0 transmettre, ces rencontres offrent un espace de partage authentique et d\u2019apprentissage mutuel.<\/p>\n\n\n\n<p>Organis\u00e9es r\u00e9guli\u00e8rement dans les espaces communs des r\u00e9sidences, elles prennent la forme de temps conviviaux anim\u00e9s par des activit\u00e9s culturelles, artistiques ou th\u00e9matiques&nbsp;: concerts, discussions, t\u00e9moignages, qui encouragent les \u00e9changes et favorisent la cr\u00e9ation de liens durables. Elles se concluent toujours par un moment de convivialit\u00e9, propice au dialogue et \u00e0 la rencontre.<\/p>\n\n\n\n<p>Ces rendez-vous permettent aux r\u00e9sidents de d\u00e9couvrir de nouveaux horizons, de s\u2019inspirer d\u2019exp\u00e9riences de vie vari\u00e9es et de d\u00e9velopper une sensibilit\u00e9 accrue \u00e0 l\u2019\u00e9coute, au respect et \u00e0 la solidarit\u00e9. Pour les participants plus \u00e2g\u00e9s, ils sont une occasion pr\u00e9cieuse de transmettre leur exp\u00e9rience ; pour les plus jeunes, une fa\u00e7on d\u2019\u00e9largir leur regard et de s\u2019ouvrir \u00e0 d\u2019autres parcours.<\/p>\n\n\n\n<p>Au-del\u00e0 de leur dimension sociale, les Rencontres Interg\u00e9n\u00e9rationnelles contribuent pleinement \u00e0 la mission de la Fondation : cr\u00e9er des environnements de vie qui favorisent l\u2019\u00e9panouissement personnel, la r\u00e9ussite \u00e9ducative et l\u2019inclusion de chacun.<\/p>\n\n\n\n<p>Elles nourrissent un sentiment d\u2019appartenance et enrichissent la vie collective de nos r\u00e9sidences, faisant de ces moments des temps forts de convivialit\u00e9, de d\u00e9couverte et de partage.<\/p>\n\n\n\n<figure class=\"wp-block-gallery has-nested-images columns-default is-cropped wp-block-gallery-1 is-layout-flex wp-block-gallery-is-layout-flex\">\n<figure class=\"wp-block-image size-large\"><img loading=\"lazy\" decoding=\"async\" width=\"1024\" height=\"576\" data-id=\"2027\" src=\"https:\/\/www.fondationjuliennedumeste.fr\/wp-content\/uploads\/2025\/12\/RIG-1024x576.png\" alt=\"\" class=\"wp-image-2027\" srcset=\"https:\/\/www.fondationjuliennedumeste.fr\/wp-content\/uploads\/2025\/12\/RIG-1024x576.png 1024w, https:\/\/www.fondationjuliennedumeste.fr\/wp-content\/uploads\/2025\/12\/RIG-300x169.png 300w, https:\/\/www.fondationjuliennedumeste.fr\/wp-content\/uploads\/2025\/12\/RIG-2000x1126.png 2000w\" sizes=\"auto, (max-width: 1024px) 100vw, 1024px\" \/><\/figure>\n<\/figure>\n\n\n\n<div style=\"height:100px\" aria-hidden=\"true\" class=\"wp-block-spacer\"><\/div>\n","protected":false},"excerpt":{"rendered":"<p>La Fondation Julienne Dumeste a introduit au sein de ses r\u00e9sidences un dispositif in\u00e9dit : les Rencontres Interg\u00e9n\u00e9rationnelles, des moments privil\u00e9gi\u00e9s con\u00e7us pour rapprocher des univers, des parcours et des \u00e2ges diff\u00e9rents. Inspir\u00e9es de la conviction que chaque g\u00e9n\u00e9ration a quelque chose \u00e0 transmettre, ces rencontres offrent un espace de partage authentique et d\u2019apprentissage mutuel. &hellip; <\/p>\n<p class=\"link-more\"><a href=\"https:\/\/www.fondationjuliennedumeste.fr\/index.php\/les-rencontres-intergenerationnelles\/\" class=\"more-link\">Lire la suite de<span class=\"screen-reader-text\">\u00ab\u00a0LES RENCONTRES INTERG\u00c9N\u00c9RATIONNELLES\u00a0\u00bb<\/span><\/a><\/p>\n","protected":false},"author":1,"featured_media":0,"parent":0,"menu_order":0,"comment_status":"closed","ping_status":"closed","template":"page-templates\/no-title.php","meta":{"footnotes":""},"class_list":["post-2025","page","type-page","status-publish","hentry"],"_links":{"self":[{"href":"https:\/\/www.fondationjuliennedumeste.fr\/index.php\/wp-json\/wp\/v2\/pages\/2025","targetHints":{"allow":["GET"]}}],"collection":[{"href":"https:\/\/www.fondationjuliennedumeste.fr\/index.php\/wp-json\/wp\/v2\/pages"}],"about":[{"href":"https:\/\/www.fondationjuliennedumeste.fr\/index.php\/wp-json\/wp\/v2\/types\/page"}],"author":[{"embeddable":true,"href":"https:\/\/www.fondationjuliennedumeste.fr\/index.php\/wp-json\/wp\/v2\/users\/1"}],"replies":[{"embeddable":true,"href":"https:\/\/www.fondationjuliennedumeste.fr\/index.php\/wp-json\/wp\/v2\/comments?post=2025"}],"version-history":[{"count":4,"href":"https:\/\/www.fondationjuliennedumeste.fr\/index.php\/wp-json\/wp\/v2\/pages\/2025\/revisions"}],"predecessor-version":[{"id":2031,"href":"https:\/\/www.fondationjuliennedumeste.fr\/index.php\/wp-json\/wp\/v2\/pages\/2025\/revisions\/2031"}],"wp:attachment":[{"href":"https:\/\/www.fondationjuliennedumeste.fr\/index.php\/wp-json\/wp\/v2\/media?parent=2025"}],"curies":[{"name":"wp","href":"https:\/\/api.w.org\/{rel}","templated":true}]}}