{"id":1337,"date":"2024-11-19T17:22:22","date_gmt":"2024-11-19T16:22:22","guid":{"rendered":"http:\/\/hrywgbj.cluster027.hosting.ovh.net\/?page_id=1337"},"modified":"2026-02-24T16:17:53","modified_gmt":"2026-02-24T15:17:53","slug":"actualites-et-evenements","status":"publish","type":"page","link":"https:\/\/www.fondationjuliennedumeste.fr\/index.php\/actualites-et-evenements\/","title":{"rendered":"ACTUALIT\u00c9S ET \u00c9V\u00c9NEMENTS"},"content":{"rendered":"\n<div class=\"wp-block-cover alignfull\"><img loading=\"lazy\" decoding=\"async\" width=\"4443\" height=\"2518\" class=\"wp-block-cover__image-background wp-image-291\" alt=\"\" src=\"http:\/\/hrywgbj.cluster027.hosting.ovh.net\/wp-content\/uploads\/2024\/10\/Image2-1.png\" data-object-fit=\"cover\" srcset=\"https:\/\/www.fondationjuliennedumeste.fr\/wp-content\/uploads\/2024\/10\/Image2-1.png 4443w, https:\/\/www.fondationjuliennedumeste.fr\/wp-content\/uploads\/2024\/10\/Image2-1-300x170.png 300w, https:\/\/www.fondationjuliennedumeste.fr\/wp-content\/uploads\/2024\/10\/Image2-1-1024x580.png 1024w, https:\/\/www.fondationjuliennedumeste.fr\/wp-content\/uploads\/2024\/10\/Image2-1-2000x1133.png 2000w\" sizes=\"auto, (max-width: 4443px) 100vw, 4443px\" \/><span aria-hidden=\"true\" class=\"wp-block-cover__background has-background-dim\" style=\"background-color:#771f28\"><\/span><div class=\"wp-block-cover__inner-container has-global-padding is-layout-constrained wp-block-cover-is-layout-constrained\">\n<p class=\"has-text-align-center has-large-font-size\">ACTUALIT\u00c9S ET \u00c9V\u00c9NEMENTS<\/p>\n\n\n\n<p class=\"has-text-align-center\">Derni\u00e8res actualit\u00e9s, \u00e9v\u00e9nements et publications<\/p>\n<\/div><\/div>\n\n\n\n<div style=\"height:100px\" aria-hidden=\"true\" class=\"wp-block-spacer\"><\/div>\n\n\n\n<div class=\"wp-block-columns is-layout-flex wp-container-core-columns-is-layout-28f84493 wp-block-columns-is-layout-flex\">\n<div class=\"wp-block-column is-layout-flow wp-block-column-is-layout-flow\">\n<h5 class=\"wp-block-heading\"><strong>ACTUALIT\u00c9S ET \u00c9V\u00c9NEMENTS<\/strong><\/h5>\n\n\n\n<h2 class=\"wp-block-heading\">Tenez-vous inform\u00e9 des prochains \u00e9v\u00e9nements et restez en contact avec nous<\/h2>\n<\/div>\n\n\n\n<div class=\"wp-block-column is-layout-flow wp-block-column-is-layout-flow\">\n<figure class=\"wp-block-image size-large\"><img loading=\"lazy\" decoding=\"async\" width=\"1024\" height=\"565\" src=\"https:\/\/www.fondationjuliennedumeste.fr\/wp-content\/uploads\/2026\/02\/Image10-1024x565.png\" alt=\"\" class=\"wp-image-2064\" srcset=\"https:\/\/www.fondationjuliennedumeste.fr\/wp-content\/uploads\/2026\/02\/Image10-1024x565.png 1024w, https:\/\/www.fondationjuliennedumeste.fr\/wp-content\/uploads\/2026\/02\/Image10-300x165.png 300w, https:\/\/www.fondationjuliennedumeste.fr\/wp-content\/uploads\/2026\/02\/Image10-2000x1103.png 2000w\" sizes=\"auto, (max-width: 1024px) 100vw, 1024px\" \/><\/figure>\n\n\n\n<div class=\"wp-block-cover has-custom-content-position is-position-top-center\" style=\"min-height:134px;aspect-ratio:unset;\"><img loading=\"lazy\" decoding=\"async\" width=\"4443\" height=\"2518\" class=\"wp-block-cover__image-background wp-image-291\" alt=\"\" src=\"http:\/\/hrywgbj.cluster027.hosting.ovh.net\/wp-content\/uploads\/2024\/10\/Image2-1.png\" data-object-fit=\"cover\" srcset=\"https:\/\/www.fondationjuliennedumeste.fr\/wp-content\/uploads\/2024\/10\/Image2-1.png 4443w, https:\/\/www.fondationjuliennedumeste.fr\/wp-content\/uploads\/2024\/10\/Image2-1-300x170.png 300w, https:\/\/www.fondationjuliennedumeste.fr\/wp-content\/uploads\/2024\/10\/Image2-1-1024x580.png 1024w, https:\/\/www.fondationjuliennedumeste.fr\/wp-content\/uploads\/2024\/10\/Image2-1-2000x1133.png 2000w\" sizes=\"auto, (max-width: 4443px) 100vw, 4443px\" \/><span aria-hidden=\"true\" class=\"wp-block-cover__background has-background-dim\" style=\"background-color:#771f28\"><\/span><div class=\"wp-block-cover__inner-container has-global-padding is-layout-constrained wp-block-cover-is-layout-constrained\">\n<h5 class=\"wp-block-heading\"><mark style=\"background-color:rgba(0, 0, 0, 0)\" class=\"has-inline-color has-white-color\">Paris \u25aa 20 f\u00e9vrier 2026 \u25aa BATEAU \u00ab\u00a0LE PARIS\u00a0\u00bb<\/mark><\/h5>\n\n\n\n<h4 class=\"wp-block-heading\"><strong>RENCONTRE NATIONALE DES R\u00c9<\/strong>SIDENTS DES MAISONS JULIENNE DUMESTE<strong> &#8211; \u00c9DITION 202<\/strong>6<\/h4>\n\n\n\n<p><a href=\"https:\/\/www.fondationjuliennedumeste.fr\/index.php\/premiere-rencontre-nationale-des-residents-des-maisons-julienne-dumeste\/\" target=\"_blank\" rel=\"noreferrer noopener\"><mark style=\"background-color:rgba(0, 0, 0, 0)\" class=\"has-inline-color has-white-color\">Lire la suite \u2192<\/mark><\/a><\/p>\n<\/div><\/div>\n<\/div>\n<\/div>\n\n\n\n<div style=\"height:20px\" aria-hidden=\"true\" class=\"wp-block-spacer\"><\/div>\n\n\n\n<div class=\"wp-block-cover alignfull is-light has-custom-content-position is-position-top-center\"><span aria-hidden=\"true\" class=\"wp-block-cover__background has-background-background-color has-background-dim-100 has-background-dim\"><\/span><div class=\"wp-block-cover__inner-container has-global-padding is-layout-constrained wp-block-cover-is-layout-constrained\">\n<h2 class=\"wp-block-heading alignfull has-text-align-left\"><mark style=\"background-color:rgba(0, 0, 0, 0);color:#771f28\" class=\"has-inline-color\">ACTUALIT\u00c9S R\u00c9CENTES<\/mark><\/h2>\n\n\n\n<div style=\"height:20px\" aria-hidden=\"true\" class=\"wp-block-spacer\"><\/div>\n\n\n\n<div class=\"wp-block-columns alignfull is-layout-flex wp-container-core-columns-is-layout-28f84493 wp-block-columns-is-layout-flex\">\n<div class=\"wp-block-column is-layout-flow wp-block-column-is-layout-flow\">\n<hr class=\"wp-block-separator has-alpha-channel-opacity is-style-wide\"\/>\n\n\n\n<h5 class=\"wp-block-heading alignwide has-text-align-left\"><\/h5>\n\n\n\n<p><\/p>\n\n\n\n<p><\/p>\n<\/div>\n\n\n\n<div class=\"wp-block-column is-layout-flow wp-block-column-is-layout-flow\">\n<hr class=\"wp-block-separator has-alpha-channel-opacity is-style-wide\"\/>\n\n\n\n<h5 class=\"wp-block-heading alignwide has-text-align-left\"><\/h5>\n\n\n\n<p><\/p>\n\n\n\n<p><\/p>\n<\/div>\n\n\n\n<div class=\"wp-block-column is-layout-flow wp-block-column-is-layout-flow\">\n<hr class=\"wp-block-separator has-alpha-channel-opacity is-style-wide\"\/>\n\n\n\n<h5 class=\"wp-block-heading alignwide has-text-align-left\">Ev\u00e8nements <mark style=\"background-color:rgba(0, 0, 0, 0);color:#771f28\" class=\"has-inline-color\">\u25aa<\/mark> F\u00e9vrier 2026<\/h5>\n\n\n\n<p><strong><mark style=\"background-color:rgba(0, 0, 0, 0)\" class=\"has-inline-color has-foreground-color\">><\/mark>Premi\u00e8re Rencontre Nationale des R\u00e9sidents des Maisons Julienne Dumeste<\/strong><\/p>\n\n\n\n<p><strong><a href=\"https:\/\/www.fondationjuliennedumeste.fr\/index.php\/premiere-rencontre-nationale-des-residents-des-maisons-julienne-dumeste\/\" target=\"_blank\" rel=\"noreferrer noopener\"><mark style=\"background-color:rgba(0, 0, 0, 0);color:#771f28\" class=\"has-inline-color\">En savoir plus \u2192<\/mark><\/a><\/strong><\/p>\n<\/div>\n<\/div>\n<\/div><\/div>\n\n\n\n<div class=\"wp-block-cover alignfull is-light has-custom-content-position is-position-top-center\"><span aria-hidden=\"true\" class=\"wp-block-cover__background has-background-background-color has-background-dim-100 has-background-dim\"><\/span><div class=\"wp-block-cover__inner-container has-global-padding is-layout-constrained wp-block-cover-is-layout-constrained\">\n<h2 class=\"wp-block-heading alignfull has-text-align-left\"><mark style=\"background-color:rgba(0, 0, 0, 0);color:#771f28\" class=\"has-inline-color\">ACTUALIT\u00c9S R\u00c9CENTES<\/mark><\/h2>\n\n\n\n<div style=\"height:20px\" aria-hidden=\"true\" class=\"wp-block-spacer\"><\/div>\n\n\n\n<div class=\"wp-block-columns alignfull is-layout-flex wp-container-core-columns-is-layout-28f84493 wp-block-columns-is-layout-flex\">\n<div class=\"wp-block-column is-layout-flow wp-block-column-is-layout-flow\">\n<hr class=\"wp-block-separator has-alpha-channel-opacity is-style-wide\"\/>\n\n\n\n<h5 class=\"wp-block-heading alignwide has-text-align-left\">Actualit\u00e9s <mark style=\"background-color:rgba(0, 0, 0, 0);color:#771f28\" class=\"has-inline-color\">\u25aa<\/mark> 05 d\u00e9cembre 2025<\/h5>\n\n\n\n<p><strong>&gt; Subvention associative : Ouverture de d\u00e9p\u00f4t de dossier de subvention 2026<\/strong><\/p>\n\n\n\n<p><a href=\"https:\/\/www.fondationjuliennedumeste.fr\/index.php\/soutien-aux-assocaitions\/\" target=\"_blank\" rel=\"noreferrer noopener\"><mark style=\"background-color:rgba(0, 0, 0, 0);color:#771f28\" class=\"has-inline-color\"><strong>En savoir plus \u2192<\/strong><\/mark><\/a><\/p>\n<\/div>\n\n\n\n<div class=\"wp-block-column is-layout-flow wp-block-column-is-layout-flow\">\n<hr class=\"wp-block-separator has-alpha-channel-opacity is-style-wide\"\/>\n\n\n\n<h5 class=\"wp-block-heading alignwide has-text-align-left\">Ev\u00e8nements <mark style=\"background-color:rgba(0, 0, 0, 0);color:#771f28\" class=\"has-inline-color\">\u25aa<\/mark> 3 novembre 2025<\/h5>\n\n\n\n<p><strong><mark style=\"background-color:rgba(0, 0, 0, 0)\" class=\"has-inline-color has-foreground-color\">&gt; Journ\u00e9e des Associations 2025 <\/mark>\u00e0 la Maison de l&rsquo;Am\u00e9rique Latine<\/strong><\/p>\n\n\n\n<p><strong><a href=\"https:\/\/www.fondationjuliennedumeste.fr\/index.php\/journee-des-associations-2025\/\" target=\"_blank\" rel=\"noreferrer noopener\"><mark style=\"background-color:rgba(0, 0, 0, 0);color:#771f28\" class=\"has-inline-color\">En savoir plus \u2192<\/mark><\/a><\/strong><\/p>\n<\/div>\n\n\n\n<div class=\"wp-block-column is-layout-flow wp-block-column-is-layout-flow\">\n<hr class=\"wp-block-separator has-alpha-channel-opacity is-style-wide\"\/>\n\n\n\n<h5 class=\"wp-block-heading alignwide has-text-align-left\">Ev\u00e8nements <mark style=\"background-color:rgba(0, 0, 0, 0);color:#771f28\" class=\"has-inline-color\">\u25aa<\/mark>  Septembre 2025<\/h5>\n\n\n\n<p><strong><mark style=\"background-color:rgba(0, 0, 0, 0)\" class=\"has-inline-color has-foreground-color\">&gt; <\/mark>Les rencontres intergen\u00e9rationnelles<\/strong><\/p>\n\n\n\n<p><strong><a href=\"https:\/\/www.fondationjuliennedumeste.fr\/index.php\/les-rencontres-intergenerationnelles\/\" target=\"_blank\" rel=\"noreferrer noopener\"><mark style=\"background-color:rgba(0, 0, 0, 0);color:#771f28\" class=\"has-inline-color\">En savoir plus \u2192<\/mark><\/a><\/strong><\/p>\n<\/div>\n<\/div>\n<\/div><\/div>\n\n\n\n<div class=\"wp-block-cover alignfull is-light has-custom-content-position is-position-top-center\"><span aria-hidden=\"true\" class=\"wp-block-cover__background has-background-background-color has-background-dim-100 has-background-dim\"><\/span><div class=\"wp-block-cover__inner-container has-global-padding is-layout-constrained wp-block-cover-is-layout-constrained\">\n<div class=\"wp-block-columns alignfull is-layout-flex wp-container-core-columns-is-layout-28f84493 wp-block-columns-is-layout-flex\">\n<div class=\"wp-block-column is-layout-flow wp-block-column-is-layout-flow\">\n<hr class=\"wp-block-separator has-alpha-channel-opacity is-style-wide\"\/>\n\n\n\n<h5 class=\"wp-block-heading alignwide has-text-align-left\">Actualit\u00e9s <mark style=\"background-color:rgba(0, 0, 0, 0);color:#771f28\" class=\"has-inline-color\">\u25aa<\/mark> 20 novembre 2024<\/h5>\n\n\n\n<p><strong>&gt; Subvention associative : Ouverture de d\u00e9p\u00f4t de dossier de subvention 2025, le 1er janvier 2025<\/strong><\/p>\n\n\n\n<p><a href=\"https:\/\/www.fondationjuliennedumeste.fr\/index.php\/soutien-aux-assocaitions\/\" target=\"_blank\" rel=\"noreferrer noopener\"><mark style=\"background-color:rgba(0, 0, 0, 0);color:#771f28\" class=\"has-inline-color\"><strong>En savoir plus \u2192<\/strong><\/mark><\/a><\/p>\n<\/div>\n\n\n\n<div class=\"wp-block-column is-layout-flow wp-block-column-is-layout-flow\">\n<hr class=\"wp-block-separator has-alpha-channel-opacity is-style-wide\"\/>\n\n\n\n<h5 class=\"wp-block-heading alignwide has-text-align-left\">Ev\u00e8nements <mark style=\"background-color:rgba(0, 0, 0, 0);color:#771f28\" class=\"has-inline-color\">\u25aa<\/mark> 15 novembre 2024<\/h5>\n\n\n\n<p><strong><mark style=\"background-color:rgba(0, 0, 0, 0)\" class=\"has-inline-color has-foreground-color\">&gt; <\/mark>Inauguration de la Maison Julienne Dumeste \u00e0 Nantes<\/strong><\/p>\n\n\n\n<p><strong><a href=\"https:\/\/www.fondationjuliennedumeste.fr\/index.php\/inauguration-de-la-maison-julienne-dumetse-a-nantes\/\" target=\"_blank\" rel=\"noreferrer noopener\"><mark style=\"background-color:rgba(0, 0, 0, 0);color:#771f28\" class=\"has-inline-color\">En savoir plus \u2192<\/mark><\/a><\/strong><\/p>\n<\/div>\n\n\n\n<div class=\"wp-block-column is-layout-flow wp-block-column-is-layout-flow\">\n<hr class=\"wp-block-separator has-alpha-channel-opacity is-style-wide\"\/>\n\n\n\n<h5 class=\"wp-block-heading alignwide has-text-align-left\">Ev\u00e8nements <mark style=\"background-color:rgba(0, 0, 0, 0);color:#771f28\" class=\"has-inline-color\">\u25aa<\/mark> 8 novembre 2024<\/h5>\n\n\n\n<p><strong><mark style=\"background-color:rgba(0, 0, 0, 0)\" class=\"has-inline-color has-foreground-color\">&gt; Journ\u00e9e des Associations 2024 au Pavillon de Musique de la Comtess<\/mark>e du Barry<\/strong><\/p>\n\n\n\n<p><strong><a href=\"https:\/\/www.fondationjuliennedumeste.fr\/index.php\/journees-des-associations-2024-une-ode-au-depassement-de-soi\/\" target=\"_blank\" rel=\"noreferrer noopener\"><mark style=\"background-color:rgba(0, 0, 0, 0);color:#771f28\" class=\"has-inline-color\">En savoir plus \u2192<\/mark><\/a><\/strong><\/p>\n<\/div>\n<\/div>\n<\/div><\/div>\n\n\n\n<div style=\"height:129px\" aria-hidden=\"true\" class=\"wp-block-spacer\"><\/div>\n\n\n\n<p><\/p>\n","protected":false},"excerpt":{"rendered":"<p>ACTUALIT\u00c9S ET \u00c9V\u00c9NEMENTS Tenez-vous inform\u00e9 des prochains \u00e9v\u00e9nements et restez en contact avec nous<\/p>\n","protected":false},"author":1,"featured_media":0,"parent":0,"menu_order":0,"comment_status":"closed","ping_status":"closed","template":"page-templates\/no-title.php","meta":{"footnotes":""},"class_list":["post-1337","page","type-page","status-publish","hentry"],"_links":{"self":[{"href":"https:\/\/www.fondationjuliennedumeste.fr\/index.php\/wp-json\/wp\/v2\/pages\/1337","targetHints":{"allow":["GET"]}}],"collection":[{"href":"https:\/\/www.fondationjuliennedumeste.fr\/index.php\/wp-json\/wp\/v2\/pages"}],"about":[{"href":"https:\/\/www.fondationjuliennedumeste.fr\/index.php\/wp-json\/wp\/v2\/types\/page"}],"author":[{"embeddable":true,"href":"https:\/\/www.fondationjuliennedumeste.fr\/index.php\/wp-json\/wp\/v2\/users\/1"}],"replies":[{"embeddable":true,"href":"https:\/\/www.fondationjuliennedumeste.fr\/index.php\/wp-json\/wp\/v2\/comments?post=1337"}],"version-history":[{"count":61,"href":"https:\/\/www.fondationjuliennedumeste.fr\/index.php\/wp-json\/wp\/v2\/pages\/1337\/revisions"}],"predecessor-version":[{"id":2117,"href":"https:\/\/www.fondationjuliennedumeste.fr\/index.php\/wp-json\/wp\/v2\/pages\/1337\/revisions\/2117"}],"wp:attachment":[{"href":"https:\/\/www.fondationjuliennedumeste.fr\/index.php\/wp-json\/wp\/v2\/media?parent=1337"}],"curies":[{"name":"wp","href":"https:\/\/api.w.org\/{rel}","templated":true}]}}